{"id":3,"date":"2023-05-16T14:41:04","date_gmt":"2023-05-16T14:41:04","guid":{"rendered":"https:\/\/darknight-coffee-cannabis.space\/blog\/?page_id=3"},"modified":"2023-05-21T20:41:30","modified_gmt":"2023-05-21T20:41:30","slug":"privacy-policy","status":"publish","type":"page","link":"https:\/\/darknight-coffee-cannabis.space\/blog\/sample-page\/privacy-policy\/","title":{"rendered":"Dies ist ein zivilisierter Ort f\u00fcr \u00f6ffentliche Diskussionen."},"content":{"rendered":"\n<h2 class=\"wp-block-heading\">This is a Civilized Place for Public Discussion<\/h2>\n\n\n\n<p>Bitte behandeln Sie dieses Diskussionsforum mit demselben Respekt, den Sie einem \u00f6ffentlichen Park entgegenbringen w\u00fcrden. Auch wir sind eine gemeinschaftliche Ressource &#8211; ein Ort, um F\u00e4higkeiten, Wissen und Interessen durch fortlaufende Gespr\u00e4che zu teilen.<\/p>\n\n\n\n<p>Diese Regeln sind keine starren Vorgaben, sondern Leitlinien, die das menschliche Urteilsverm\u00f6gen unserer Community unterst\u00fctzen und diesen Ort zu einem freundlichen und respektvollen Ort f\u00fcr zivilisierte \u00f6ffentliche Diskussionen machen sollen.<\/p>\n\n\n\n<p>Verbesserung der Diskussion<\/p>\n\n\n\n<p>Helfen Sie uns dabei, diesen Ort zu einer gro\u00dfartigen Diskussionsplattform zu machen, indem Sie immer etwas Positives zur Diskussion beitragen, auch wenn es nur klein ist. Wenn Sie sich nicht sicher sind, ob Ihr Beitrag zur Unterhaltung beitr\u00e4gt, \u00fcberdenken Sie, was Sie sagen m\u00f6chten, und versuchen Sie es sp\u00e4ter erneut.<\/p>\n\n\n\n<p>Eine M\u00f6glichkeit, die Diskussion zu verbessern, besteht darin, bereits stattfindende Diskussionen zu entdecken. Schauen Sie sich die hier vorhandenen Themen an, bevor Sie antworten oder ein eigenes Thema starten, und Sie haben eine bessere Chance, Menschen zu treffen, die Ihre Interessen teilen.<\/p>\n\n\n\n<p>Die hier diskutierten Themen sind uns wichtig, und wir m\u00f6chten, dass Sie so handeln, als ob sie auch Ihnen wichtig sind. Respektieren Sie die Themen und die Menschen, die sie diskutieren, auch wenn Sie mit dem, was gesagt wird, nicht in allem einverstanden sind.<\/p>\n\n\n\n<p>Seien Sie vertr\u00e4glich, auch wenn Sie anderer Meinung sind<\/p>\n\n\n\n<p>Sie k\u00f6nnen gerne mit einer Gegenmeinung antworten. Das ist in Ordnung. Denken Sie jedoch daran, Ideen zu kritisieren und nicht Personen. Bitte vermeiden Sie:<\/p>\n\n\n\n<p>Beleidigungen<br>Angriffe auf die Person<br>Reagieren auf den Ton eines Beitrags anstelle seines tats\u00e4chlichen Inhalts<br>Reflexartige Widerspr\u00fcche<\/p>\n\n\n\n<p>Bieten Sie stattdessen durchdachte Einblicke, die die Diskussion verbessern.<\/p>\n\n\n\n<p>Ihre Beteiligung z\u00e4hlt<\/p>\n\n\n\n<p>Die Gespr\u00e4che, die wir hier f\u00fchren, pr\u00e4gen den Ton f\u00fcr jeden neuen Besucher. Helfen Sie uns, die Zukunft dieser Community zu beeinflussen, indem Sie sich an Diskussionen beteiligen, die dieses Forum zu einem interessanten Ort machen, und solche vermeiden, die dies nicht tun.<\/p>\n\n\n\n<p>Discourse bietet Tools, mit denen die Community gemeinsam die besten (und schlechtesten) Beitr\u00e4ge identifizieren kann: Lesezeichen, Likes, Meldungen, Antworten, Bearbeitungen, Beobachtungen, Stummschaltungen und so weiter. Nutzen Sie diese Tools, um Ihre eigene Erfahrung und die aller anderen zu verbessern.<\/p>\n\n\n\n<p>Lassen Sie uns unsere Community besser verlassen, als wir sie vorgefunden haben.<\/p>\n\n\n\n<p>Wenn Sie ein Problem sehen, melden Sie es<\/p>\n\n\n\n<p>Moderatoren haben besondere Befugnisse; sie sind f\u00fcr dieses Forum verantwortlich. Aber das sind auch Sie. Mit Ihrer Hilfe k\u00f6nnen Moderatoren Community-Facilitatoren sein und nicht nur Hausmeister oder Polizisten.<\/p>\n\n\n\n<p>Wenn Sie schlechtes Verhalten sehen, antworten Sie nicht darauf. Eine Antwort f\u00f6rdert schlechtes Verhalten, indem sie es anerkennt, Ihre Energie verbraucht und die Zeit aller verschwendet. Melden Sie es einfach. Wenn gen\u00fcgend Meldungen eingehen, wird eine Ma\u00dfnahme ergriffen, entweder automatisch oder durch Eingreifen eines Moderators.<\/p>\n\n\n\n<p>Um unsere Community zu erhalten, behalten Moderatoren sich das Recht vor, jederzeit Inhalte und Benutzerkonten aus beliebigen Gr\u00fcnden zu entfernen. Moderatoren \u00fcberpr\u00fcfen neue Beitr\u00e4ge nicht im Voraus. Die Moderatoren und Betreiber der Website \u00fcbernehmen keine Verantwortung f\u00fcr Inhalte, die von der Community gepostet werden.<\/p>\n\n\n\n<p>Seien Sie stets h\u00f6flich<\/p>\n\n\n\n<p>Nichts sabotiert eine gesunde Unterhaltung so sehr wie Unh\u00f6flichkeit:<\/p>\n\n\n\n<p>Seien Sie h\u00f6flich. Ver\u00f6ffentlichen Sie nichts, was eine vern\u00fcnftige Person als beleidigend, missbr\u00e4uchlich oder Hassrede betrachten w\u00fcrde.<br>Bleiben Sie sauber. Ver\u00f6ffentlichen Sie nichts Obsz\u00f6nes oder sexuell Explizites.<br>Respektieren Sie einander. Bel\u00e4stigen oder schikanieren Sie niemanden, geben Sie sich nicht als andere Personen aus und ver\u00f6ffentlichen Sie keine privaten Informationen.<br>Respektieren Sie unser Forum. Ver\u00f6ffentlichen Sie keinen Spam oder besch\u00e4digen Sie anderweitig das Forum.<\/p>\n\n\n\n<p>Seien Sie h\u00f6flich. Ver\u00f6ffentlichen Sie nichts, was eine vern\u00fcnftige Person als beleidigend, missbr\u00e4uchlich oder Hassrede betrachten w\u00fcrde.<br>Bleiben Sie sauber. Ver\u00f6ffentlichen Sie nichts Obsz\u00f6nes oder sexuell Explizites.<br>Respektieren Sie einander. Bel\u00e4stigen oder schikanieren Sie niemanden, geben Sie sich nicht als andere Personen aus und ver\u00f6ffentlichen Sie keine privaten Informationen.<br>Respektieren Sie unser Forum. Ver\u00f6ffentlichen Sie keinen Spam oder besch\u00e4digen Sie anderweitig das Forum.<\/p>\n\n\n\n<p>Verwenden Sie den &#8222;Gef\u00e4llt mir&#8220;-Button anstelle von &#8222;+1&#8220; oder &#8222;Zustimmung&#8220;. Wenn Sie ein bestehendes Thema in eine v\u00f6llig andere Richtung lenken m\u00f6chten, verwenden Sie &#8222;Antworten als verkn\u00fcpftes Thema&#8220;.<\/p>\n\n\n\n<p>Posten Sie nur Ihre eigenen Inhalte<\/p>\n\n\n\n<p>Sie d\u00fcrfen nichts Digitales ver\u00f6ffentlichen, das jemand anderem geh\u00f6rt, ohne Erlaubnis. Sie d\u00fcrfen keine Beschreibungen, Links oder Methoden ver\u00f6ffentlichen, um geistiges Eigentum (Software, Video, Audio, Bilder) zu stehlen oder gegen andere Gesetze zu versto\u00dfen.<\/p>\n\n\n\n<p>Von Ihnen gesteuert<\/p>\n\n\n\n<p>Diese Website wird von Ihrem freundlichen lokalen Personal und Ihnen, der Community, betrieben. Wenn Sie weitere Fragen dazu haben, wie hier alles funktionieren sollte, er\u00f6ffnen Sie ein neues Thema in der Kategorie &#8222;Feedback zur Website&#8220; und lassen Sie uns diskutieren! Wenn es ein kritisches oder dringendes Problem gibt, das nicht in einem Meta-Thema oder durch eine Meldung behandelt werden kann, kontaktieren Sie uns \u00fcber die Mitarbeiterseite.<\/p>\n\n\n\n<p>Nutzungsbedingungen<\/p>\n\n\n\n<p>Ja, Rechtsjargon ist langweilig, aber wir m\u00fcssen uns &#8211; und damit auch Sie und Ihre Daten &#8211; vor unfreundlichen Menschen sch\u00fctzen. Wir haben Nutzungsbedingungen, in denen Ihr (und unser) Verhalten und Ihre Rechte in Bezug auf Inhalte, Datenschutz und Gesetze beschrieben sind. Um diesen Service nutzen zu k\u00f6nnen, m\u00fcssen Sie sich damit einverstanden erkl\u00e4ren, sich an unsere Nutzungsbedingungen zu halten.<\/p>\n\n\n\n<div class=\"wp-block-buttons is-layout-flex wp-block-buttons-is-layout-flex\">\n<div class=\"wp-block-button\"><a class=\"wp-block-button__link wp-element-button\">english<\/a><\/div>\n<\/div>\n\n\n\n<p>This is a Civilized Place for Public Discussion<\/p>\n\n\n\n<p>Please treat this discussion forum with the same respect you would a public park. We, too, are a shared community resource \u2014 a place to share skills, knowledge and interests through ongoing conversation.<\/p>\n\n\n\n<p>These are not hard and fast rules. They are guidelines to aid the human judgment of our community and keep this a kind, friendly place for civilized public discourse.<\/p>\n\n\n\n<p>Improve the Discussion<\/p>\n\n\n\n<p>Help us make this a great place for discussion by always adding something positive to the discussion, however small. If you are not sure your post adds to the conversation, think over what you want to say and try again later.<\/p>\n\n\n\n<p>One way to improve the discussion is by discovering ones that are already happening. Spend time browsing the topics here before replying or starting your own, and you\u2019ll have a better chance of meeting others who share your interests.<\/p>\n\n\n\n<p>The topics discussed here matter to us, and we want you to act as if they matter to you, too. Be respectful of the topics and the people discussing them, even if you disagree with some of what is being said.<\/p>\n\n\n\n<p>Be Agreeable, Even When You Disagree<\/p>\n\n\n\n<p>You may wish to respond by disagreeing. That\u2019s fine. But remember to criticize ideas, not people. Please avoid:<\/p>\n\n\n\n<pre class=\"wp-block-code\"><code>Name-calling\nAd hominem attacks\nResponding to a post\u2019s tone instead of its actual content\nKnee-jerk contradiction<\/code><\/pre>\n\n\n\n<p>Instead, provide thoughtful insights that improve the conversation.<\/p>\n\n\n\n<p>Your Participation Counts<\/p>\n\n\n\n<p>The conversations we have here set the tone for every new arrival. Help us influence the future of this community by choosing to engage in discussions that make this forum an interesting place to be \u2014 and avoiding those that do not.<\/p>\n\n\n\n<p>Discourse provides tools that enable the community to collectively identify the best (and worst) contributions: bookmarks, likes, flags, replies, edits, watching, muting and so forth. Use these tools to improve your own experience, and everyone else\u2019s, too.<\/p>\n\n\n\n<p>Let\u2019s leave our community better than we found it.<\/p>\n\n\n\n<p>If You See a Problem, Flag It<\/p>\n\n\n\n<p>Moderators have special authority; they are responsible for this forum. But so are you. With your help, moderators can be community facilitators, not just janitors or police.<\/p>\n\n\n\n<p>When you see bad behavior, don\u2019t reply. Replying encourages bad behavior by acknowledging it, consumes your energy, and wastes everyone\u2019s time. Just flag it. If enough flags accrue, action will be taken, either automatically or by moderator intervention.<\/p>\n\n\n\n<p>In order to maintain our community, moderators reserve the right to remove any content and any user account for any reason at any time. Moderators do not preview new posts; the moderators and site operators take no responsibility for any content posted by the community.<\/p>\n\n\n\n<p>Always Be Civil<\/p>\n\n\n\n<p>Nothing sabotages a healthy conversation like rudeness:<\/p>\n\n\n\n<pre class=\"wp-block-code\"><code>Be civil. Don\u2019t post anything that a reasonable person would consider offensive, abusive, or hate speech.\nKeep it clean. Don\u2019t post anything obscene or sexually explicit.\nRespect each other. Don\u2019t harass or grief anyone, impersonate people, or expose their private information.\nRespect our forum. Don\u2019t post spam or otherwise vandalize the forum.<\/code><\/pre>\n\n\n\n<p>These are not concrete terms with precise definitions \u2014 avoid even the appearance of any of these things. If you\u2019re unsure, ask yourself how you would feel if your post was featured on the front page of a major news site.<\/p>\n\n\n\n<p>This is a public forum, and search engines index these discussions. Keep the language, links, and images safe for family and friends.<\/p>\n\n\n\n<p>Keep It Tidy<\/p>\n\n\n\n<p>Make the effort to put things in the right place, so that we can spend more time discussing and less cleaning up. So:<\/p>\n\n\n\n<pre class=\"wp-block-code\"><code>Don\u2019t start a topic in the wrong category; please read the category definitions.\nDon\u2019t cross-post the same thing in multiple topics.\nDon\u2019t post no-content replies.\nDon\u2019t divert a topic by changing it midstream.\nDon\u2019t sign your posts \u2014 every post has your profile information attached to it.<\/code><\/pre>\n\n\n\n<p>Rather than posting \u201c+1\u201d or \u201cAgreed\u201d, use the Like button. Rather than taking an existing topic in a radically different direction, use Reply as a Linked Topic.<\/p>\n\n\n\n<p>Post Only Your Own Stuff<\/p>\n\n\n\n<p>You may not post anything digital that belongs to someone else without permission. You may not post descriptions of, links to, or methods for stealing someone\u2019s intellectual property (software, video, audio, images), or for breaking any other law.<\/p>\n\n\n\n<p>Powered by You<\/p>\n\n\n\n<p>This site is operated by your friendly local staff and you, the community. If you have any further questions about how things should work here, open a new topic in the site feedback category and let\u2019s discuss! If there\u2019s a critical or urgent issue that can\u2019t be handled by a meta topic or flag, contact us via the staff page.<\/p>\n\n\n\n<p>Terms of Service<\/p>\n\n\n\n<p>Yes, legalese is boring, but we must protect ourselves \u2013 and by extension, you and your data \u2013 against unfriendly folks. We have a Terms of Service describing your (and our) behavior and rights related to content, privacy, and laws. To use this service, you must agree to abide by our TOS.<\/p>\n","protected":false},"excerpt":{"rendered":"<p>This is a Civilized Place for Public Discussion Bitte behandeln Sie dieses Diskussionsforum mit demselben Respekt, den Sie einem \u00f6ffentlichen Park entgegenbringen w\u00fcrden. Auch wir sind eine gemeinschaftliche Ressource &#8211; ein Ort, um F\u00e4higkeiten, Wissen und Interessen durch fortlaufende Gespr\u00e4che zu teilen. Diese Regeln sind keine starren Vorgaben, sondern Leitlinien,<\/p>\n","protected":false},"author":1,"featured_media":18,"parent":2,"menu_order":0,"comment_status":"closed","ping_status":"open","template":"","meta":{"publish_to_discourse":"","publish_post_category":"","wpdc_auto_publish_overridden":"","wpdc_topic_tags":"","wpdc_pin_topic":"","wpdc_pin_until":"","discourse_post_id":"","discourse_permalink":"","wpdc_publishing_response":"","wpdc_publishing_error":"","footnotes":""},"_links":{"self":[{"href":"https:\/\/darknight-coffee-cannabis.space\/blog\/wp-json\/wp\/v2\/pages\/3"}],"collection":[{"href":"https:\/\/darknight-coffee-cannabis.space\/blog\/wp-json\/wp\/v2\/pages"}],"about":[{"href":"https:\/\/darknight-coffee-cannabis.space\/blog\/wp-json\/wp\/v2\/types\/page"}],"author":[{"embeddable":true,"href":"https:\/\/darknight-coffee-cannabis.space\/blog\/wp-json\/wp\/v2\/users\/1"}],"replies":[{"embeddable":true,"href":"https:\/\/darknight-coffee-cannabis.space\/blog\/wp-json\/wp\/v2\/comments?post=3"}],"version-history":[{"count":1,"href":"https:\/\/darknight-coffee-cannabis.space\/blog\/wp-json\/wp\/v2\/pages\/3\/revisions"}],"predecessor-version":[{"id":50,"href":"https:\/\/darknight-coffee-cannabis.space\/blog\/wp-json\/wp\/v2\/pages\/3\/revisions\/50"}],"up":[{"embeddable":true,"href":"https:\/\/darknight-coffee-cannabis.space\/blog\/wp-json\/wp\/v2\/pages\/2"}],"wp:featuredmedia":[{"embeddable":true,"href":"https:\/\/darknight-coffee-cannabis.space\/blog\/wp-json\/wp\/v2\/media\/18"}],"wp:attachment":[{"href":"https:\/\/darknight-coffee-cannabis.space\/blog\/wp-json\/wp\/v2\/media?parent=3"}],"curies":[{"name":"wp","href":"https:\/\/api.w.org\/{rel}","templated":true}]}}